{"id":2162,"date":"2022-08-25T10:29:03","date_gmt":"2022-08-25T10:29:03","guid":{"rendered":"https:\/\/dkika.tn\/?page_id=2162"},"modified":"2022-09-09T16:43:46","modified_gmt":"2022-09-09T16:43:46","slug":"tounsi","status":"publish","type":"page","link":"https:\/\/dkika.tn\/?page_id=2162","title":{"rendered":"Brand"},"content":{"rendered":"\t\t<div data-elementor-type=\"wp-page\" data-elementor-id=\"2162\" class=\"elementor elementor-2162\">\n\t\t\t\t\t\t\t<div class=\"elementor-element elementor-element-386f1f2 e-container--column e-container\" data-id=\"386f1f2\" data-element_type=\"container\">\t\t<\/div><div class=\"elementor-element elementor-element-bdbfb8a e-container--column e-container\" data-id=\"bdbfb8a\" data-element_type=\"container\">\t\t\t\t<div class=\"elementor-element elementor-element-f475474 wpr-flip-box-anim-direction-up wpr-flip-box-back-align-left wpr-flip-box-animation-flip wpr-flip-box-animation-3d-yes wpr-flip-box-front-align-center elementor-widget elementor-widget-wpr-flip-box\" data-id=\"f475474\" data-element_type=\"widget\" data-widget_type=\"wpr-flip-box.default\">\n\t\t\t\t<div class=\"elementor-widget-container\">\n\t\t\t\t\t\t\n\t\t<div class=\"wpr-flip-box\" data-trigger=\"hover\">\n\t\t\t\n\t\t\t<div class=\"wpr-flip-box-item wpr-flip-box-front wpr-anim-timing-ease-default\">\n\n\t\t\t\t<div class=\"wpr-flip-box-overlay\"><\/div>\n\n\t\t\t\t<div class=\"wpr-flip-box-content\">\n\t\t\t\t\t\n\t\t\t\t\t\t\t\t\t\t\n\t\t\t\t\t\n\t\t\t\t\t\t\n\n\t\t\t\t\t\t\n\n\t\t\t\t<\/div>\n\t\t\t<\/div>\n\n\t\t\t<div class=\"wpr-flip-box-item wpr-flip-box-back wpr-anim-timing-ease-default\">\n\n\t\t\t\t<div class=\"wpr-flip-box-overlay\"><\/div>\n\t\t\t\t\n\t\t\t\t<div class=\"wpr-flip-box-content\">\n\t\t\t\t\t\n\t\t\t\t\t\t\t\t\t\t<a class=\"wpr-flip-box-link\" href=\"#\"><\/a>\t\n\t\t\t\t\t\n\t\t\t\t\t\t\t\t\t\t\n\t\t\t\t\t\n\t\t\t\t\t\t\t\t\t\t\t<div class=\"wpr-flip-box-description\"><div dir=\"auto\">Dkika BRAND est un espace publicitaire destin\u00e9 aux jeunes entrepreneurs, les fondateurs de nouvelles marques et les startups ainsi que pour les jeunes artistes, cr\u00e9ateurs et toute personne qui se consid\u00e8re comme talentueuse et veut se conna\u00eetre, son art ou son projet.<\/div><div dir=\"auto\">\u00a0<\/div><\/div>\t\t\t\t\t\t\n\t\t\t\t\t\t\n\n\t\t\t\t\t\t\n\n\t\t\t\t<\/div>\n\t\t\t<\/div>\n\t\t<\/div>\n\n\t\t\t\t<\/div>\n\t\t\t\t<\/div>\n\t\t<\/div><div class=\"elementor-element elementor-element-d44d200 e-container--row e-container\" data-id=\"d44d200\" data-element_type=\"container\">\t\t<div class=\"elementor-element elementor-element-2286900 e-container--column e-container\" data-id=\"2286900\" data-element_type=\"container\">\t\t\t\t<div class=\"elementor-element elementor-element-664e552 elementor-widget elementor-widget-heading\" data-id=\"664e552\" data-element_type=\"widget\" data-widget_type=\"heading.default\">\n\t\t\t\t<div class=\"elementor-widget-container\">\n\t\t\t<style>\/*! elementor - v3.7.2 - 21-08-2022 *\/\n.elementor-heading-title{padding:0;margin:0;line-height:1}.elementor-widget-heading .elementor-heading-title[class*=elementor-size-]>a{color:inherit;font-size:inherit;line-height:inherit}.elementor-widget-heading .elementor-heading-title.elementor-size-small{font-size:15px}.elementor-widget-heading .elementor-heading-title.elementor-size-medium{font-size:19px}.elementor-widget-heading .elementor-heading-title.elementor-size-large{font-size:29px}.elementor-widget-heading .elementor-heading-title.elementor-size-xl{font-size:39px}.elementor-widget-heading .elementor-heading-title.elementor-size-xxl{font-size:59px}<\/style><h2 class=\"elementor-heading-title elementor-size-default\">Marque du moment<\/h2>\t\t<\/div>\n\t\t\t\t<\/div>\n\t\t\t\t<div class=\"elementor-element elementor-element-7cde0bf elementor-widget-divider--view-line elementor-widget elementor-widget-divider\" data-id=\"7cde0bf\" data-element_type=\"widget\" data-widget_type=\"divider.default\">\n\t\t\t\t<div class=\"elementor-widget-container\">\n\t\t\t<style>\/*! elementor - v3.7.2 - 21-08-2022 *\/\n.elementor-widget-divider{--divider-border-style:none;--divider-border-width:1px;--divider-color:#2c2c2c;--divider-icon-size:20px;--divider-element-spacing:10px;--divider-pattern-height:24px;--divider-pattern-size:20px;--divider-pattern-url:none;--divider-pattern-repeat:repeat-x}.elementor-widget-divider .elementor-divider{display:-webkit-box;display:-ms-flexbox;display:flex}.elementor-widget-divider .elementor-divider__text{font-size:15px;line-height:1;max-width:95%}.elementor-widget-divider .elementor-divider__element{margin:0 var(--divider-element-spacing);-ms-flex-negative:0;flex-shrink:0}.elementor-widget-divider .elementor-icon{font-size:var(--divider-icon-size)}.elementor-widget-divider .elementor-divider-separator{display:-webkit-box;display:-ms-flexbox;display:flex;margin:0;direction:ltr}.elementor-widget-divider--view-line_icon .elementor-divider-separator,.elementor-widget-divider--view-line_text .elementor-divider-separator{-webkit-box-align:center;-ms-flex-align:center;align-items:center}.elementor-widget-divider--view-line_icon .elementor-divider-separator:after,.elementor-widget-divider--view-line_icon .elementor-divider-separator:before,.elementor-widget-divider--view-line_text .elementor-divider-separator:after,.elementor-widget-divider--view-line_text .elementor-divider-separator:before{display:block;content:\"\";border-bottom:0;-webkit-box-flex:1;-ms-flex-positive:1;flex-grow:1;border-top:var(--divider-border-width) var(--divider-border-style) var(--divider-color)}.elementor-widget-divider--element-align-left .elementor-divider .elementor-divider-separator>.elementor-divider__svg:first-of-type{-webkit-box-flex:0;-ms-flex-positive:0;flex-grow:0;-ms-flex-negative:100;flex-shrink:100}.elementor-widget-divider--element-align-left .elementor-divider-separator:before{content:none}.elementor-widget-divider--element-align-left .elementor-divider__element{margin-left:0}.elementor-widget-divider--element-align-right .elementor-divider .elementor-divider-separator>.elementor-divider__svg:last-of-type{-webkit-box-flex:0;-ms-flex-positive:0;flex-grow:0;-ms-flex-negative:100;flex-shrink:100}.elementor-widget-divider--element-align-right .elementor-divider-separator:after{content:none}.elementor-widget-divider--element-align-right .elementor-divider__element{margin-right:0}.elementor-widget-divider:not(.elementor-widget-divider--view-line_text):not(.elementor-widget-divider--view-line_icon) .elementor-divider-separator{border-top:var(--divider-border-width) var(--divider-border-style) var(--divider-color)}.elementor-widget-divider--separator-type-pattern{--divider-border-style:none}.elementor-widget-divider--separator-type-pattern.elementor-widget-divider--view-line .elementor-divider-separator,.elementor-widget-divider--separator-type-pattern:not(.elementor-widget-divider--view-line) .elementor-divider-separator:after,.elementor-widget-divider--separator-type-pattern:not(.elementor-widget-divider--view-line) .elementor-divider-separator:before,.elementor-widget-divider--separator-type-pattern:not([class*=elementor-widget-divider--view]) .elementor-divider-separator{width:100%;min-height:var(--divider-pattern-height);-webkit-mask-size:var(--divider-pattern-size) 100%;mask-size:var(--divider-pattern-size) 100%;-webkit-mask-repeat:var(--divider-pattern-repeat);mask-repeat:var(--divider-pattern-repeat);background-color:var(--divider-color);-webkit-mask-image:var(--divider-pattern-url);mask-image:var(--divider-pattern-url)}.elementor-widget-divider--no-spacing{--divider-pattern-size:auto}.elementor-widget-divider--bg-round{--divider-pattern-repeat:round}.rtl .elementor-widget-divider .elementor-divider__text{direction:rtl}.e-container>.elementor-widget-divider{width:var(--container-widget-width,100%);--flex-grow:var(--container-widget-flex-grow,0)}<\/style>\t\t<div class=\"elementor-divider\">\n\t\t\t<span class=\"elementor-divider-separator\">\n\t\t\t\t\t\t<\/span>\n\t\t<\/div>\n\t\t\t\t<\/div>\n\t\t\t\t<\/div>\n\t\t\t\t<div class=\"elementor-element elementor-element-6738faa elementor-widget elementor-widget-text-editor\" data-id=\"6738faa\" data-element_type=\"widget\" data-widget_type=\"text-editor.default\">\n\t\t\t\t<div class=\"elementor-widget-container\">\n\t\t\t<style>\/*! elementor - v3.7.2 - 21-08-2022 *\/\n.elementor-widget-text-editor.elementor-drop-cap-view-stacked .elementor-drop-cap{background-color:#818a91;color:#fff}.elementor-widget-text-editor.elementor-drop-cap-view-framed .elementor-drop-cap{color:#818a91;border:3px solid;background-color:transparent}.elementor-widget-text-editor:not(.elementor-drop-cap-view-default) .elementor-drop-cap{margin-top:8px}.elementor-widget-text-editor:not(.elementor-drop-cap-view-default) .elementor-drop-cap-letter{width:1em;height:1em}.elementor-widget-text-editor .elementor-drop-cap{float:left;text-align:center;line-height:1;font-size:50px}.elementor-widget-text-editor .elementor-drop-cap-letter{display:inline-block}<\/style>\t\t\t\t<div dir=\"auto\">DKIKA BRAND est votre partenaire de R\u00c9USSITE et de SUCC\u00c8S !<\/div><div dir=\"auto\">\u00a0<\/div><div dir=\"auto\"><div dir=\"auto\">Vous \u00eates au meilleur et au bon endroit pour r\u00e9ussir et briller..<\/div><div dir=\"auto\">Une \u00e9quipe technique et artistique jeune et cr\u00e9ative est \u00e0 votre disposition pour r\u00e9pondre \u00e0 toutes vos attentes..<\/div><div dir=\"auto\">\u00a0<\/div><div dir=\"auto\">Contactez-nous pour en savoir plus sur nos offres financi\u00e8res imbattables !<\/div><\/div>\t\t\t\t\t\t<\/div>\n\t\t\t\t<\/div>\n\t\t\t\t<div class=\"elementor-element elementor-element-f067756 elementor-widget elementor-widget-button\" data-id=\"f067756\" data-element_type=\"widget\" data-widget_type=\"button.default\">\n\t\t\t\t<div class=\"elementor-widget-container\">\n\t\t\t\t\t<div class=\"elementor-button-wrapper\">\n\t\t\t<a href=\"#\" class=\"elementor-button-link elementor-button elementor-size-sm\" role=\"button\">\n\t\t\t\t\t\t<span class=\"elementor-button-content-wrapper\">\n\t\t\t\t\t\t<span class=\"elementor-button-text\">Contactez-nous<\/span>\n\t\t<\/span>\n\t\t\t\t\t<\/a>\n\t\t<\/div>\n\t\t\t\t<\/div>\n\t\t\t\t<\/div>\n\t\t<\/div><div class=\"elementor-element elementor-element-52c80c1 e-container--row e-container\" data-id=\"52c80c1\" data-element_type=\"container\">\t\t\t\t<div class=\"elementor-element elementor-element-1b70c64 elementor-aspect-ratio-916 elementor-widget__width-initial elementor-widget elementor-widget-video\" data-id=\"1b70c64\" data-element_type=\"widget\" data-settings=\"{&quot;youtube_url&quot;:&quot;https:\\\/\\\/youtu.be\\\/O3ilUQEX9KU&quot;,&quot;show_image_overlay&quot;:&quot;yes&quot;,&quot;image_overlay&quot;:{&quot;url&quot;:&quot;https:\\\/\\\/dkika.tn\\\/wp-content\\\/uploads\\\/2022\\\/08\\\/brand-thambnail-scaled.jpg&quot;,&quot;id&quot;:2363,&quot;alt&quot;:&quot;&quot;,&quot;source&quot;:&quot;library&quot;},&quot;aspect_ratio&quot;:&quot;916&quot;,&quot;video_type&quot;:&quot;youtube&quot;,&quot;controls&quot;:&quot;yes&quot;}\" data-widget_type=\"video.default\">\n\t\t\t\t<div class=\"elementor-widget-container\">\n\t\t\t<style>\/*! elementor - v3.7.2 - 21-08-2022 *\/\n.elementor-widget-video .elementor-widget-container{overflow:hidden;-webkit-transform:translateZ(0);transform:translateZ(0)}.elementor-widget-video .elementor-open-inline .elementor-custom-embed-image-overlay{position:absolute;top:0;left:0;width:100%;height:100%;background-size:cover;background-position:50%}.elementor-widget-video .elementor-custom-embed-image-overlay{cursor:pointer;text-align:center}.elementor-widget-video .elementor-custom-embed-image-overlay:hover .elementor-custom-embed-play i{opacity:1}.elementor-widget-video .elementor-custom-embed-image-overlay img{display:block;width:100%}.elementor-widget-video .e-hosted-video .elementor-video{-o-object-fit:cover;object-fit:cover}.e-container>.elementor-widget-video{width:var(--container-widget-width,100%)}<\/style>\t\t<div class=\"elementor-wrapper elementor-fit-aspect-ratio elementor-open-inline\">\n\t\t\t<div class=\"elementor-video\"><\/div>\t\t\t\t<div class=\"elementor-custom-embed-image-overlay\" style=\"background-image: url(https:\/\/dkika.tn\/wp-content\/uploads\/2022\/08\/brand-thambnail-scaled.jpg);\">\n\t\t\t\t\t\t\t\t\t\t\t\t\t\t\t\t<div class=\"elementor-custom-embed-play\" role=\"button\" aria-label=\"Play Video\" tabindex=\"0\">\n\t\t\t\t\t\t\t<svg xmlns=\"http:\/\/www.w3.org\/2000\/svg\" id=\"Layer_1\" data-name=\"Layer 1\" viewBox=\"0 0 324.32 150\"><defs><style>.cls-1{fill:#737678;}<\/style><\/defs><path class=\"cls-1\" d=\"M142.23,31.12A17.2,17.2,0,0,1,149,32.93c16.93,7.42,34,14.54,50.61,22.7,11.69,5.76,11.8,10,1.56,18.11a492.22,492.22,0,0,1-52.47,33.52,51.43,51.43,0,0,1-8.1,3.41c-5.45,1.67-9.53-.13-11.24-5.56-1-3.09-.85-6.57-.81-9.78.23-16.37.59-32.74,1.26-49.1a26.31,26.31,0,0,1,2.23-9.8C133.83,32.59,137.65,30.94,142.23,31.12Z\"><\/path><\/svg>\t\t\t\t\t\t\t<span class=\"elementor-screen-only\">Play Video<\/span>\n\t\t\t\t\t\t<\/div>\n\t\t\t\t\t\t\t\t\t<\/div>\n\t\t\t\t\t<\/div>\n\t\t\t\t<\/div>\n\t\t\t\t<\/div>\n\t\t<\/div><\/div><div class=\"elementor-element elementor-element-b428640 e-container--column e-container\" data-id=\"b428640\" data-element_type=\"container\">\t\t\t\t<div class=\"elementor-element elementor-element-22278d3 elementor-widget elementor-widget-heading\" data-id=\"22278d3\" data-element_type=\"widget\" data-widget_type=\"heading.default\">\n\t\t\t\t<div class=\"elementor-widget-container\">\n\t\t\t<h2 class=\"elementor-heading-title elementor-size-default\">TOUS LES \u00c9PISODES  \u200b<\/h2>\t\t<\/div>\n\t\t\t\t<\/div>\n\t\t\t\t<div class=\"elementor-element elementor-element-e8032d0 elementor-widget-divider--view-line elementor-widget elementor-widget-divider\" data-id=\"e8032d0\" data-element_type=\"widget\" data-widget_type=\"divider.default\">\n\t\t\t\t<div class=\"elementor-widget-container\">\n\t\t\t\t\t<div class=\"elementor-divider\">\n\t\t\t<span class=\"elementor-divider-separator\">\n\t\t\t\t\t\t<\/span>\n\t\t<\/div>\n\t\t\t\t<\/div>\n\t\t\t\t<\/div>\n\t\t<\/div><div class=\"elementor-element elementor-element-ba4a9b1 e-container--column e-container\" data-id=\"ba4a9b1\" data-element_type=\"container\">\t\t\t\t<div class=\"elementor-element elementor-element-12adece elementor-grid-3 elementor-grid-tablet-2 elementor-grid-mobile-1 eael-fg-hoverer-content-align-left elementor-widget elementor-widget-eael-filterable-gallery\" data-id=\"12adece\" data-element_type=\"widget\" data-settings=\"{&quot;pagination&quot;:&quot;yes&quot;,&quot;columns&quot;:&quot;3&quot;,&quot;columns_tablet&quot;:&quot;2&quot;,&quot;columns_mobile&quot;:&quot;1&quot;,&quot;photo_gallery&quot;:&quot;yes&quot;}\" data-widget_type=\"eael-filterable-gallery.default\">\n\t\t\t\t<div class=\"elementor-widget-container\">\n\t\t\t        <div id=\"eael-filter-gallery-wrapper-12adece\" class=\"eael-filter-gallery-wrapper\" data-layout-mode=\"hoverer\" data-mfp_caption=\"yes\">\n            \n                        <div class=\"eael-filter-gallery-control\">\n                <ul><li data-load-more-status=\"0\" data-first-init=\"0\" class=\"control active\" data-filter=\".eael-cf-tout-les-\u00c3\u00a9pisodes\">Tout les \u00e9pisodes<\/li><li data-load-more-status=\"0\" data-first-init=\"0\" class=\"control \" data-filter=\".eael-cf-entrepreneur\">entrepreneur<\/li><\/ul>\n            <\/div>\n            \n            <div class=\"eael-filter-gallery-container masonry\" data-images-per-page=\"100\" data-total-gallery-items=\"1\" data-nomore-item-text=\"Il n&#039;y a plus de video !\" data-settings=\"{&quot;grid_style&quot;:&quot;masonry&quot;,&quot;popup&quot;:&quot;media&quot;,&quot;duration&quot;:500,&quot;gallery_enabled&quot;:&quot;yes&quot;,&quot;post_id&quot;:2162,&quot;widget_id&quot;:&quot;12adece&quot;}\" data-gallery-items=\"[&quot;\\u003Cdiv class=\\u0022eael-filterable-gallery-item-wrap eael-cf-entrepreneur eael-cf-tout-les-\u00c3\u00a9pisodes\\u0022\\u003E\\n\\t\\t\\t\\t\\u003Cdiv class=\\u0022eael-gallery-grid-item\\u0022\\u003E\\u003Cdiv class=\\u0022gallery-item-thumbnail-wrap\\u0022\\u003E\\u003Cimg src=\\u0022https:\\\/\\\/dkika.tn\\\/wp-content\\\/uploads\\\/2022\\\/08\\\/brand-thambnail-scaled.jpg\\u0022 data-lazy-src=\\u0022https:\\\/\\\/dkika.tn\\\/wp-content\\\/uploads\\\/2022\\\/08\\\/brand-thambnail-scaled.jpg\\u0022 alt=\\u0022\\u0022 class=\\u0022gallery-item-thumbnail\\u0022\\u003E\\u003Ca href=\\u0022https:\\\/\\\/www.youtube.com\\\/watch?v=O3ilUQEX9KU\\u0022 class=\\u0022video-popup eael-magnific-link active eael-magnific-video-link mfp-iframe\\u0022\\u003E\\u003Cdiv class=\\u0022video-popup-bg\\u0022\\u003E\\u003C\\\/div\\u003E\\u003Cimg src=\\u0022https:\\\/\\\/dkika.tn\\\/wp-content\\\/uploads\\\/2022\\\/08\\\/play-dkika-01.png\\u0022\\u003E\\u003C\\\/a\\u003E\\u003C\\\/div\\u003E\\u003Ca href=\\u0022https:\\\/\\\/dkika.tn\\\/wp-content\\\/uploads\\\/2022\\\/08\\\/brand-thambnail-scaled.jpg\\u0022 class=\\u0022eael-magnific-link media-content-wrap\\u0022 data-elementor-open-lightbox=\\u0022no\\u0022\\u003E\\u003C\\\/a\\u003E\\u003C\\\/div\\u003E\\u003C\\\/div\\u003E&quot;]\" data-init-show=\"6\">\n                <div class=\"eael-filterable-gallery-item-wrap eael-cf-entrepreneur eael-cf-tout-les-\u00c3\u00a9pisodes\">\n\t\t\t\t<div class=\"eael-gallery-grid-item\"><div class=\"gallery-item-thumbnail-wrap\"><img decoding=\"async\" src=\"https:\/\/dkika.tn\/wp-content\/uploads\/2022\/08\/brand-thambnail-scaled.jpg\" data-lazy-src=\"https:\/\/dkika.tn\/wp-content\/uploads\/2022\/08\/brand-thambnail-scaled.jpg\" alt=\"\" class=\"gallery-item-thumbnail\"><a href=\"https:\/\/www.youtube.com\/watch?v=O3ilUQEX9KU\" class=\"video-popup eael-magnific-link active eael-magnific-video-link mfp-iframe\"><div class=\"video-popup-bg\"><\/div><img decoding=\"async\" src=\"https:\/\/dkika.tn\/wp-content\/uploads\/2022\/08\/play-dkika-01.png\"><\/a><\/div><a href=\"https:\/\/dkika.tn\/wp-content\/uploads\/2022\/08\/brand-thambnail-scaled.jpg\" class=\"eael-magnific-link media-content-wrap\" data-elementor-open-lightbox=\"no\"><\/a><\/div><\/div>            <\/div>\n            \n                        <div class=\"eael-filterable-gallery-loadmore\">\n                <a href=\"#\" class=\"eael-gallery-load-more elementor-button elementor-size-sm\">\n                    <span class=\"eael-btn-loader\"><\/span>\n                                        <span class=\"eael-filterable-gallery-load-more-text\">\n                        Plus de vid\u00e9o                    <\/span>\n                                                                                                        <span class=\"eael-filterable-gallery-load-more-icon fg-load-more-icon-right \" aria-hidden=\"true\"><\/span>\n                                                                                        <\/a>\n            <\/div>\n                <\/div>\n        \n        \t\t<\/div>\n\t\t\t\t<\/div>\n\t\t<\/div>\t\t\t\t\t<\/div>\n\t\t","protected":false},"excerpt":{"rendered":"<p>Dkika BRAND est un espace publicitaire destin\u00e9 aux jeunes entrepreneurs, les fondateurs de nouvelles marques et les startups ainsi que pour les jeunes artistes, cr\u00e9ateurs et toute personne qui se consid\u00e8re comme talentueuse et veut se conna\u00eetre, son art ou son projet.\u00a0 Marque du moment DKIKA BRAND est votre partenaire de R\u00c9USSITE et de SUCC\u00c8S [&hellip;]<\/p>\n","protected":false},"author":1,"featured_media":0,"parent":0,"menu_order":0,"comment_status":"closed","ping_status":"closed","template":"elementor_header_footer","meta":{"footnotes":""},"class_list":["post-2162","page","type-page","status-publish","hentry"],"_links":{"self":[{"href":"https:\/\/dkika.tn\/index.php?rest_route=\/wp\/v2\/pages\/2162","targetHints":{"allow":["GET"]}}],"collection":[{"href":"https:\/\/dkika.tn\/index.php?rest_route=\/wp\/v2\/pages"}],"about":[{"href":"https:\/\/dkika.tn\/index.php?rest_route=\/wp\/v2\/types\/page"}],"author":[{"embeddable":true,"href":"https:\/\/dkika.tn\/index.php?rest_route=\/wp\/v2\/users\/1"}],"replies":[{"embeddable":true,"href":"https:\/\/dkika.tn\/index.php?rest_route=%2Fwp%2Fv2%2Fcomments&post=2162"}],"version-history":[{"count":43,"href":"https:\/\/dkika.tn\/index.php?rest_route=\/wp\/v2\/pages\/2162\/revisions"}],"predecessor-version":[{"id":2781,"href":"https:\/\/dkika.tn\/index.php?rest_route=\/wp\/v2\/pages\/2162\/revisions\/2781"}],"wp:attachment":[{"href":"https:\/\/dkika.tn\/index.php?rest_route=%2Fwp%2Fv2%2Fmedia&parent=2162"}],"curies":[{"name":"wp","href":"https:\/\/api.w.org\/{rel}","templated":true}]}}